{"id":13,"date":"2024-02-19T16:31:48","date_gmt":"2024-02-19T19:31:48","guid":{"rendered":"https:\/\/haughty.com.ar\/index.php\/carro\/"},"modified":"2024-04-09T20:47:59","modified_gmt":"2024-04-09T23:47:59","slug":"carro","status":"publish","type":"page","link":"https:\/\/haughty.com.ar\/index.php\/carro\/","title":{"rendered":"Carrito"},"content":{"rendered":"\t\t<div data-elementor-type=\"wp-page\" data-elementor-id=\"13\" class=\"elementor elementor-13\" data-elementor-post-type=\"page\">\n\t\t\t\t<div data-particle_enable=\"false\" data-particle-mobile-disabled=\"false\" class=\"elementor-element elementor-element-8b7122c e-flex e-con-boxed e-con e-parent\" data-id=\"8b7122c\" data-element_type=\"container\" data-settings=\"{&quot;background_background&quot;:&quot;classic&quot;}\">\n\t\t\t\t\t<div class=\"e-con-inner\">\n\t\t\t\t\t<\/div>\n\t\t\t\t<\/div>\n\t\t<div data-particle_enable=\"false\" data-particle-mobile-disabled=\"false\" class=\"elementor-element elementor-element-41c2612 e-flex e-con-boxed e-con e-parent\" data-id=\"41c2612\" data-element_type=\"container\">\n\t\t\t\t\t<div class=\"e-con-inner\">\n\t\t\t\t<div class=\"elementor-element elementor-element-ba935ff e-cart-layout-two-column elementor-widget elementor-widget-woocommerce-cart\" data-id=\"ba935ff\" data-element_type=\"widget\" data-settings=\"{&quot;update_cart_automatically&quot;:&quot;yes&quot;}\" data-widget_type=\"woocommerce-cart.default\">\n\t\t\t\t<div class=\"elementor-widget-container\">\n\t\t\t\t\t<div class=\"woocommerce\"><div class=\"woocommerce-notices-wrapper\"><\/div><div class=\"wc-empty-cart-message\">\n\t<div class=\"cart-empty woocommerce-info\">\n\t\tTu carrito est\u00e1 vac\u00edo.\t<\/div>\n<\/div>\t<p class=\"return-to-shop\">\n\t\t<a class=\"button wc-backward\" href=\"https:\/\/haughty.com.ar\/index.php\/tienda\/\">\n\t\t\tVolver a la tienda\t\t<\/a>\n\t<\/p>\n<\/div>\t\t\t\t<\/div>\n\t\t\t\t<\/div>\n\t\t\t\t\t<\/div>\n\t\t\t\t<\/div>\n\t\t\t\t<\/div>\n\t\t","protected":false},"excerpt":{"rendered":"<p>Eliminar art\u00edculo Thumbnail image Producto Precio Cantidad Subtotal &times; Blusa Nudo &#8211; M, Negra &#36;&nbsp;28.000,00 Blusa Nudo &#8211; M, Negra cantidad &#36;&nbsp;28.000,00 Aplicar Cupon Detalle Subtotal &#36;&nbsp;28.000,00 Env\u00edo Recogida local Env\u00edo a Domicilio: &#36;&nbsp;3.990,00 Env\u00edo a Sucursal: &#36;&nbsp;2.429,00 Enviar a manuel belgrano 409, monte grande, Buenos Aires, 1842. Cambiar direcci\u00f3n Country \/ region: Seleccion\u00e1 un [&hellip;]<\/p>\n","protected":false},"author":1,"featured_media":0,"parent":0,"menu_order":0,"comment_status":"closed","ping_status":"closed","template":"","meta":{"footnotes":"","_joinchat":[]},"_hostinger_reach_plugin_has_subscription_block":false,"_hostinger_reach_plugin_is_elementor":false,"_links":{"self":[{"href":"https:\/\/haughty.com.ar\/index.php\/wp-json\/wp\/v2\/pages\/13"}],"collection":[{"href":"https:\/\/haughty.com.ar\/index.php\/wp-json\/wp\/v2\/pages"}],"about":[{"href":"https:\/\/haughty.com.ar\/index.php\/wp-json\/wp\/v2\/types\/page"}],"author":[{"embeddable":true,"href":"https:\/\/haughty.com.ar\/index.php\/wp-json\/wp\/v2\/users\/1"}],"replies":[{"embeddable":true,"href":"https:\/\/haughty.com.ar\/index.php\/wp-json\/wp\/v2\/comments?post=13"}],"version-history":[{"count":78,"href":"https:\/\/haughty.com.ar\/index.php\/wp-json\/wp\/v2\/pages\/13\/revisions"}],"predecessor-version":[{"id":2100,"href":"https:\/\/haughty.com.ar\/index.php\/wp-json\/wp\/v2\/pages\/13\/revisions\/2100"}],"wp:attachment":[{"href":"https:\/\/haughty.com.ar\/index.php\/wp-json\/wp\/v2\/media?parent=13"}],"curies":[{"name":"wp","href":"https:\/\/api.w.org\/{rel}","templated":true}]}}