{"id":1504,"date":"2024-03-27T15:53:29","date_gmt":"2024-03-27T18:53:29","guid":{"rendered":"https:\/\/haughty.com.ar\/?post_type=product&#038;p=1504"},"modified":"2024-03-27T15:55:51","modified_gmt":"2024-03-27T18:55:51","slug":"pantalon-eugenia","status":"publish","type":"product","link":"https:\/\/haughty.com.ar\/index.php\/producto\/pantalon-eugenia\/","title":{"rendered":"Pantalon Eugenia"},"content":{"rendered":"","protected":false},"excerpt":{"rendered":"<p>PANTAL\u00d3N DE CREPE CON ACCESO A LA PRENDA CON BOT\u00d3N. BOLSILLO EN DELANTERO CON ABERTURA Y EN ESPALDA TERMINACI\u00d3N CON EL\u00c1STICO.<\/p>\n","protected":false},"featured_media":1509,"template":"","meta":{"_joinchat":[]},"product_cat":[22,25],"product_tag":[26],"_links":{"self":[{"href":"https:\/\/haughty.com.ar\/index.php\/wp-json\/wp\/v2\/product\/1504"}],"collection":[{"href":"https:\/\/haughty.com.ar\/index.php\/wp-json\/wp\/v2\/product"}],"about":[{"href":"https:\/\/haughty.com.ar\/index.php\/wp-json\/wp\/v2\/types\/product"}],"wp:featuredmedia":[{"embeddable":true,"href":"https:\/\/haughty.com.ar\/index.php\/wp-json\/wp\/v2\/media\/1509"}],"wp:attachment":[{"href":"https:\/\/haughty.com.ar\/index.php\/wp-json\/wp\/v2\/media?parent=1504"}],"wp:term":[{"taxonomy":"product_cat","embeddable":true,"href":"https:\/\/haughty.com.ar\/index.php\/wp-json\/wp\/v2\/product_cat?post=1504"},{"taxonomy":"product_tag","embeddable":true,"href":"https:\/\/haughty.com.ar\/index.php\/wp-json\/wp\/v2\/product_tag?post=1504"}],"curies":[{"name":"wp","href":"https:\/\/api.w.org\/{rel}","templated":true}]}}